{"id":977,"date":"2025-04-29T06:55:01","date_gmt":"2025-04-29T04:55:01","guid":{"rendered":"https:\/\/atriabogados.com\/?page_id=977"},"modified":"2025-06-27T10:36:45","modified_gmt":"2025-06-27T08:36:45","slug":"accesibilidad","status":"publish","type":"page","link":"https:\/\/atriabogados.com\/val\/accesibilidad\/","title":{"rendered":"Accessibilitat"},"content":{"rendered":"<h1 class=\"wp-block-heading\">Declaraci\u00f3 d&#039;accessibilitat<\/h1>\n\n\n\n<p>\u00a0<strong>TOGA2 ADVOCATS, SRLP<\/strong> sha comprom\u00e8s a fer accessible el lloc web\u00a0<strong><a href=\"https:\/\/inesbooth.com\/\" target=\"_blank\" rel=\"noopener\">https:\/\/atriabogados.com<\/a><\/strong>, d&#039;acord amb la norma\u00a0<strong>UNE-EN 301 549:2022<\/strong>, excloent els continguts exceptuats pel\u00a0<strong>Reial Decret 1112\/2018<\/strong>.<\/p>\n\n\n\n<p>Aquesta declaraci\u00f3 d&#039;accessibilitat s&#039;aplica al lloc web esmentat.<\/p>\n\n\n\n<h4 class=\"wp-block-heading\">Estat de Compliment<\/h4>\n\n\n\n<p>Aquest lloc web \u00e9s&nbsp;<strong>plenament conforme<\/strong>&nbsp;amb el&nbsp;<strong>Reial Decret 1112\/2018<\/strong>.<\/p>\n\n\n\n<p>L&#039;avaluaci\u00f3 general del lloc web reflecteix que \u00e9s:<\/p>\n\n\n\n<ul class=\"wp-block-list\">\n<li><strong>Perceptible<\/strong>, assegurant que la informaci\u00f3 i els components de la interf\u00edcie siguin accessibles.<\/li>\n\n\n\n<li><strong>Operable<\/strong>, garantint una navegaci\u00f3 senzilla i funcional.<\/li>\n\n\n\n<li><strong>Comprensible<\/strong>, facilitant la interpretaci\u00f3 de la informaci\u00f3 i el maneig de la interf\u00edcie.<\/li>\n\n\n\n<li><strong>Robust<\/strong>, assegurant que el contingut sigui compatible amb tecnologies dassist\u00e8ncia.<\/li>\n<\/ul>\n\n\n\n<h4 class=\"wp-block-heading\">Preparaci\u00f3 d\u00b4aquesta Declaraci\u00f3 d\u00b4Accessibilitat<\/h4>\n\n\n\n<p>Aquesta declaraci\u00f3 va ser preparada el\u00a0<strong>27 de juny de 2025<\/strong>.<\/p>\n\n\n\n<p>El m\u00e8tode utilitzat per preparar aquesta declaraci\u00f3 ha estat una&nbsp;<strong>autoavaluaci\u00f3<\/strong>, combinada amb eines de validaci\u00f3 web com&nbsp;<strong><a href=\"https:\/\/www.tawdis.net\/\" target=\"_blank\" rel=\"noreferrer noopener\">https:\/\/www.tawdis.net<\/a><\/strong>.<\/p>\n\n\n\n<p>La declaraci\u00f3 d&#039;accessibilitat ha estat revisada i actualitzada a\u00a0<strong>Juny de 2025<\/strong>.<\/p>\n\n\n\n<h4 class=\"wp-block-heading\">Observacions i Contacte<\/h4>\n\n\n\n<p>Podeu realitzar consultes o enviar comunicacions sobre els requisits d&#039;accessibilitat (article 10.2.a del RD 1112\/2018) a trav\u00e9s del&nbsp;<strong><a>formulari de contacte<\/a><\/strong>&nbsp;d&#039;aquest lloc web, per a:<\/p>\n\n\n\n<ul class=\"wp-block-list\">\n<li>Informar de qualsevol possible incompliment en mat\u00e8ria daccessibilitat.<\/li>\n\n\n\n<li>Notificar dificultats dacc\u00e9s a continguts espec\u00edfics.<\/li>\n\n\n\n<li>Formular qualsevol altra consulta o suggeriment de millora relacionat amb l&#039;accessibilitat del lloc web.<\/li>\n<\/ul>\n\n\n\n<p>Qualsevol persona, ja sigui f\u00edsica o jur\u00eddica, pot presentar&nbsp;<strong>reclamacions<\/strong>&nbsp;sobre el compliment dels requisits del&nbsp;<strong>Reial Decret 1112\/2018, de 7 de setembre<\/strong>, aix\u00ed com sol\u00b7licitar informaci\u00f3 sobre els continguts exclosos de l\u00e0mbit daplicaci\u00f3 daquesta normativa.<\/p>\n\n\n\n<p>Respondrem a la vostra consulta o reclamaci\u00f3 en el menor temps possible.<\/p>\n\n\n\n<h4 class=\"wp-block-heading\">El nostre comprom\u00eds amb l&#039;accessibilitat<\/h4>\n\n\n\n<p>Per garantir una millor experi\u00e8ncia d&#039;usuari, hem adoptat diverses mesures en aquest lloc web, com ara:<\/p>\n\n\n\n<ul class=\"wp-block-list\">\n<li>Incloure contingut clar, estructurat i de f\u00e0cil comprensi\u00f3.<\/li>\n\n\n\n<li>Millorar la navegaci\u00f3 i la usabilitat del lloc web.<\/li>\n\n\n\n<li>Assegurar la compatibilitat amb diferents dispositius i tecnologies dassist\u00e8ncia.<\/li>\n<\/ul>","protected":false},"excerpt":{"rendered":"<p>Declaraci\u00f3n de Accesibilidad \u00a0TOGA2 ABOGADOS, SRLP se ha comprometido a hacer accesible el sitio web\u00a0https:\/\/atriabogados.com, de acuerdo con la norma\u00a0UNE-EN 301 549:2022, excluyendo los contenidos exceptuados por el\u00a0Real Decreto 1112\/2018. Esta declaraci\u00f3n de accesibilidad se aplica al sitio web mencionado. Estado de Cumplimiento Este sitio web es&nbsp;plenamente conforme&nbsp;con el&nbsp;Real Decreto 1112\/2018. La evaluaci\u00f3n general del [&hellip;]<\/p>\n","protected":false},"author":2,"featured_media":0,"parent":0,"menu_order":0,"comment_status":"closed","ping_status":"closed","template":"","meta":{"site-sidebar-layout":"default","site-content-layout":"","ast-site-content-layout":"default","site-content-style":"default","site-sidebar-style":"default","ast-global-header-display":"","ast-banner-title-visibility":"","ast-main-header-display":"","ast-hfb-above-header-display":"","ast-hfb-below-header-display":"","ast-hfb-mobile-header-display":"","site-post-title":"","ast-breadcrumbs-content":"","ast-featured-img":"","footer-sml-layout":"","ast-disable-related-posts":"","theme-transparent-header-meta":"","adv-header-id-meta":"","stick-header-meta":"","header-above-stick-meta":"","header-main-stick-meta":"","header-below-stick-meta":"","astra-migrate-meta-layouts":"set","ast-page-background-enabled":"default","ast-page-background-meta":{"desktop":{"background-color":"","background-image":"","background-repeat":"repeat","background-position":"center center","background-size":"auto","background-attachment":"scroll","background-type":"","background-media":"","overlay-type":"","overlay-color":"","overlay-opacity":"","overlay-gradient":""},"tablet":{"background-color":"","background-image":"","background-repeat":"repeat","background-position":"center center","background-size":"auto","background-attachment":"scroll","background-type":"","background-media":"","overlay-type":"","overlay-color":"","overlay-opacity":"","overlay-gradient":""},"mobile":{"background-color":"","background-image":"","background-repeat":"repeat","background-position":"center center","background-size":"auto","background-attachment":"scroll","background-type":"","background-media":"","overlay-type":"","overlay-color":"","overlay-opacity":"","overlay-gradient":""}},"ast-content-background-meta":{"desktop":{"background-color":"var(--ast-global-color-5)","background-image":"","background-repeat":"repeat","background-position":"center center","background-size":"auto","background-attachment":"scroll","background-type":"","background-media":"","overlay-type":"","overlay-color":"","overlay-opacity":"","overlay-gradient":""},"tablet":{"background-color":"var(--ast-global-color-5)","background-image":"","background-repeat":"repeat","background-position":"center center","background-size":"auto","background-attachment":"scroll","background-type":"","background-media":"","overlay-type":"","overlay-color":"","overlay-opacity":"","overlay-gradient":""},"mobile":{"background-color":"var(--ast-global-color-5)","background-image":"","background-repeat":"repeat","background-position":"center center","background-size":"auto","background-attachment":"scroll","background-type":"","background-media":"","overlay-type":"","overlay-color":"","overlay-opacity":"","overlay-gradient":""}},"_joinchat":[],"footnotes":""},"class_list":["post-977","page","type-page","status-publish","hentry"],"_links":{"self":[{"href":"https:\/\/atriabogados.com\/val\/wp-json\/wp\/v2\/pages\/977","targetHints":{"allow":["GET"]}}],"collection":[{"href":"https:\/\/atriabogados.com\/val\/wp-json\/wp\/v2\/pages"}],"about":[{"href":"https:\/\/atriabogados.com\/val\/wp-json\/wp\/v2\/types\/page"}],"author":[{"embeddable":true,"href":"https:\/\/atriabogados.com\/val\/wp-json\/wp\/v2\/users\/2"}],"replies":[{"embeddable":true,"href":"https:\/\/atriabogados.com\/val\/wp-json\/wp\/v2\/comments?post=977"}],"version-history":[{"count":2,"href":"https:\/\/atriabogados.com\/val\/wp-json\/wp\/v2\/pages\/977\/revisions"}],"predecessor-version":[{"id":1506,"href":"https:\/\/atriabogados.com\/val\/wp-json\/wp\/v2\/pages\/977\/revisions\/1506"}],"wp:attachment":[{"href":"https:\/\/atriabogados.com\/val\/wp-json\/wp\/v2\/media?parent=977"}],"curies":[{"name":"wp","href":"https:\/\/api.w.org\/{rel}","templated":true}]}}