{"id":975,"date":"2025-04-29T06:54:43","date_gmt":"2025-04-29T04:54:43","guid":{"rendered":"https:\/\/atriabogados.com\/?page_id=975"},"modified":"2025-06-30T14:13:57","modified_gmt":"2025-06-30T12:13:57","slug":"politica-cookies","status":"publish","type":"page","link":"https:\/\/atriabogados.com\/val\/politica-cookies\/","title":{"rendered":"Pol\u00edtica de Cookies"},"content":{"rendered":"<div data-elementor-type=\"wp-page\" data-elementor-id=\"975\" class=\"elementor elementor-975\" data-elementor-settings=\"{&quot;ha_cmc_init_switcher&quot;:&quot;no&quot;}\" data-elementor-post-type=\"page\">\n\t\t\t\t<div class=\"elementor-element elementor-element-7991c8c3 e-flex e-con-boxed e-con e-parent\" data-id=\"7991c8c3\" data-element_type=\"container\" data-e-type=\"container\" data-settings=\"{&quot;background_background&quot;:&quot;classic&quot;,&quot;_ha_eqh_enable&quot;:false}\">\n\t\t\t\t\t<div class=\"e-con-inner\">\n\t\t\t\t<div class=\"elementor-element elementor-element-513984e0 elementor-widget elementor-widget-text-editor\" data-id=\"513984e0\" data-element_type=\"widget\" data-e-type=\"widget\" data-widget_type=\"text-editor.default\">\n\t\t\t\t<div class=\"elementor-widget-container\">\n\t\t\t\t\t\t\t\t\t\n<p>La mera visita de la nostra web no suposa que ens estiguis facilitant cap dada personal ni hi est\u00e0s obligat.<br \/>Tot i aix\u00f2, hem d&#039;informar-te que, per poder funcionar correctament i oferir-te un millor servei\u00a0<strong>TOGA2 ADVOCATS, SRLP<\/strong>, en endavant\u00a0<strong>ATRIA ADVOCATS<\/strong>, fa \u00fas o activa diferents galetes.<\/p>\n\n<p><a href=\"https:\/\/atriabogados.com\/val\/politica-cookies\/#uno\">1. Qu\u00e8 \u00e9s una galeta?<\/a><br \/><a href=\"https:\/\/atriabogados.com\/val\/politica-cookies\/#dos\">2. Quins tipus de galetes hi ha?<\/a><br \/><a href=\"https:\/\/atriabogados.com\/val\/politica-cookies\/#tres\">3. Quins nivells d&#039;intrusi\u00f3 produeixen?<\/a><br \/><a href=\"https:\/\/atriabogados.com\/val\/politica-cookies\/#cuatro\">4. Quines galetes recull la web?<\/a><br \/><a href=\"https:\/\/atriabogados.com\/val\/politica-cookies\/#cinco\">5. Puc configurar el navegador per impedir la instal\u00b7laci\u00f3 de galetes?<\/a><br \/><a href=\"https:\/\/atriabogados.com\/val\/politica-cookies\/#seis\">6. Sobre els enlla\u00e7os a altres webs.<\/a><\/p>\n\n<h3 id=\"uno\" class=\"wp-block-heading\">1. Qu\u00e8 \u00e9s una galeta?<\/h3>\n\n<p>Entenem per galetes el conjunt de car\u00e0cters que s&#039;emmagatzemen al disc dur oa la mem\u00f2ria temporal de l&#039;ordinador d&#039;un usuari quan accedeix a les p\u00e0gines de determinats llocs web.<\/p>\n\n<h3 id=\"dos\" class=\"wp-block-heading\">2. Quins tipus de galetes hi ha?<\/h3>\n\n<p>Hi ha diferents tipus de cookies, depenent del servei que presten.<\/p>\n\n<p>Segons la finalitat per a la qual es tractin les dades obtingudes a trav\u00e9s de les cookies, podem distingir entre:<\/p>\n\n<ul class=\"wp-block-list\">\n<li><strong>Galetes t\u00e8cniques<\/strong>: aquelles que permeten a l&#039;usuari la navegaci\u00f3 a trav\u00e9s d&#039;una p\u00e0gina web, plataforma o aplicaci\u00f3 i la utilitzaci\u00f3 de les diferents opcions o serveis que hi hagi com, per exemple, controlar el tr\u00e0nsit i la comunicaci\u00f3 de dades, identificar la sessi\u00f3, accedir a parts d&#039;acc\u00e9s restringit, recordar els elements que integren una comanda, fer el proc\u00e9s de compra d&#039;una comanda, fer la sol\u00b7licitud d&#039;inscripci\u00f3 o participaci\u00f3 en un esdeveniment v\u00eddeos o so o compartir continguts a trav\u00e9s de xarxes socials.<\/li>\n\n<li><strong>Cookies de personalitzaci\u00f3<\/strong>: S\u00f3n aquelles que permeten a l&#039;usuari accedir al servei amb algunes caracter\u00edstiques de car\u00e0cter general predefinides en funci\u00f3 d&#039;una s\u00e8rie de criteris al terminal de l&#039;usuari com ara serien l&#039;idioma, el tipus de navegador a trav\u00e9s del qual accedeix al servei, la configuraci\u00f3 regional des d&#039;on accedeix al servei, etc.<\/li>\n\n<li><strong>Galetes d&#039;an\u00e0lisi<\/strong>: S\u00f3n aquelles que permeten al responsable de les mateixes, el seguiment i an\u00e0lisi del comportament dels usuaris dels llocs web a qu\u00e8 estan vinculades. La informaci\u00f3 recollida mitjan\u00e7ant aquest tipus de cookies s&#039;utilitza en el mesurament de l&#039;activitat dels llocs web, l&#039;aplicaci\u00f3 o la plataforma i per a l&#039;elaboraci\u00f3 de perfils de navegaci\u00f3 dels usuaris d&#039;aquests llocs, aplicacions i plataformes, per introduir millores en funci\u00f3 de l&#039;an\u00e0lisi de les dades d&#039;\u00fas que fan els usuaris del servei.<\/li>\n\n<li><strong>Galetes publicit\u00e0ries<\/strong>: S\u00f3n aquelles que permeten la gesti\u00f3, de la manera m\u00e9s efica\u00e7 possible, dels espais publicitaris que, si escau, l&#039;editor hagi incl\u00f2s en una p\u00e0gina web, aplicaci\u00f3 o plataforma des de la qual presta el servei sol\u00b7licitat en base a criteris com el contingut editat o la freq\u00fc\u00e8ncia en qu\u00e8 es mostren els anuncis.<\/li>\n\n<li><strong>Cookies de publicitat comportamental<\/strong>: S\u00f3n aquelles que permeten la gesti\u00f3, de la manera m\u00e9s efica\u00e7 possible, dels espais publicitaris que, si escau, l&#039;editor hagi incl\u00f2s en una p\u00e0gina web, aplicaci\u00f3 o plataforma des de la qual presta el servei sol\u00b7licitat. Aquestes cookies emmagatzemen informaci\u00f3 del comportament dels usuaris obtinguda a trav\u00e9s de l&#039;observaci\u00f3 continuada dels seus h\u00e0bits de navegaci\u00f3, cosa que permet desenvolupar un perfil espec\u00edfic per mostrar publicitat en funci\u00f3 del mateix.<\/li>\n<\/ul>\n\n<h3 id=\"tres\" class=\"wp-block-heading\">3. Quins nivells d&#039;intrusi\u00f3 produeixen?<\/h3>\n\n<p>En funci\u00f3 del tipus de galetes utilitzades, tamb\u00e9 s&#039;obtenen diferents tipus de dades, i per tant, el nivell d&#039;intrusi\u00f3 \u00e9s variable. Podem establir tres nivells d\u00b4intrusi\u00f3:<\/p>\n\n<ul class=\"wp-block-list\">\n<li><strong>Nivell 1 o cookies no intrusives<\/strong>: s\u00f3n cookies d&#039;inici de sessi\u00f3 en llocs on hi ha usuaris registrats, carrets de la compra, prefer\u00e8ncies de visualitzaci\u00f3\u2026 s\u00f3n inherents al sistema i el seu bloqueig provocaria no poder fer servir els serveis sol\u00b7licitats. (<strong>T\u00e8cniques, de personalitzaci\u00f3<\/strong>)<\/li>\n\n<li><strong>Nivell 2 o m\u00ednimament intrusives<\/strong>: s\u00f3n galetes d&#039;\u00fas propi vinculades a serveis de tercers, com ara les anal\u00edtiques i estad\u00edstiques. Un exemple poden ser les galetes usades per Google Analytics o Yahoo Web Analytics. (<strong>D&#039;an\u00e0lisi<\/strong>)<\/li>\n\n<li><strong>Nivell 3 o moderadament intrusives<\/strong>: proporcionades, administrades i d&#039;\u00fas de tercers per obtenir dades per a empla\u00e7aments publicitaris (banners) o l&#039;\u00fas de contingut de car\u00e0cter social (plugin de xarxes socials) i que han d&#039;estar autoritzades expressament per l&#039;usuari. En el cas de les galetes de car\u00e0cter social, el consentiment es fa als mateixos llocs de les xarxes socials. (<strong>Publicit\u00e0ries, de publicitat comportamental<\/strong>)<\/li>\n<\/ul>\n\n<h3 id=\"cuatro\" class=\"wp-block-heading\">4. Quines galetes recull la nostra web?<\/h3>\n\n<p>L&#039;usuari accepta l&#039;\u00fas de galetes i seguiments d&#039;IPs. El nostre analitzador de tr\u00e0nsit del lloc web utilitza cookies i seguiments d&#039;IPs que ens permeten recollir dades a efectes estad\u00edstics com: data de la primera visita, nombre de vegades que s&#039;ha visitat, data de l&#039;\u00faltima visita, URL i domini de qu\u00e8 prov\u00e9, explorador utilitzat i resoluci\u00f3 de la pantalla.<\/p>\n\n<p>A continuaci\u00f3, us oferim un llistat de les cookies generades per\u00a0<a href=\"https:\/\/atriabogados.com\/val\/\">www.atriabogados.com<\/a>\u00a0i el nivell d&#039;intrusi\u00f3 de les mateixes, de manera que puguis comprovar que nom\u00e9s utilitzarem les galetes necess\u00e0ries per prestar el servei, i el nivell d&#039;intrusi\u00f3 \u00e9s el m\u00ednim possible. A m\u00e9s de les cookies generades per\u00a0<a href=\"https:\/\/atriabogados.com\/val\/\">www.atriabogados.com<\/a>\u00a0poden existir galetes de tercers, generades pel propi navegador, sistema operatiu, eines de seguiment de tr\u00e0nsit, etc.<\/p>\n\n<p>En qualsevol cas, aquestes cookies s\u00f3n NO INTRUSIVES per\u00f2 no les podem especificar totes ja que dep\u00e8n des de quin sistema operatiu o navegador accedeixi l&#039;usuari a la web si, en algun moment detectem la pres\u00e8ncia de cookies amb un PERFIL ALT d&#039;intrusi\u00f3, t&#039;informarem degudament, sol\u00b7licitant de manera expressa que acceptis que les utilitzem durant la teva navegaci\u00f3.<\/p>\n\n<figure class=\"wp-block-table\">\n<table class=\"has-fixed-layout\">\n<tbody>\n<tr>\n<td>NOM DE COOKIE<\/td>\n<td>SEGONS EL SEU GESTOR (pr\u00f2pies o de tercers)<\/td>\n<td>FINALITAT DE LA COOKIE<\/td>\n<td>NIVELL D&#039;INTRUSI\u00d3<\/td>\n<td>DURADA(de sessi\u00f3 o permanent)<\/td>\n<\/tr>\n<\/tbody>\n<\/table>\n<\/figure>\n\n<h3 id=\"cinco\" class=\"wp-block-heading\">5. Puc configurar el navegador per impedir la instal\u00b7laci\u00f3 de galetes?<\/h3>\n\n<p>Si, tens l&#039;opci\u00f3 de configurar el teu navegador per ser avisat a la pantalla de la recepci\u00f3 de cookies i per impedir la instal\u00b7laci\u00f3 de cookies al teu disc dur, si b\u00e9, no t&#039;ho recomanem ja que \u00e9s possible que perdi part de les seves funcionalitats, no puguis accedir a diferents parts de la web o aprofitar-te d&#039;algun dels nostres serveis, que a grans trets una de les avantatges perfil a la nostra web.<\/p>\n\n<p>La manera com l&#039;has de configurar dependr\u00e0 de les caracter\u00edstiques del teu navegador. Pots restringir, bloquejar o esborrar les galetes de qualsevol p\u00e0gina web, a trav\u00e9s del teu navegador, les instruccions per a cadascun s\u00f3n les seg\u00fcents:<\/p>\n\n<p>Per a m\u00e9s informaci\u00f3 sobre Google Chrome feu clic\u00a0<a href=\"http:\/\/support.google.com\/chrome\/bin\/answer.py?hl=es&amp;answer=95647\" target=\"_blank\" rel=\"noreferrer noopener\">aqu\u00ed<\/a>.<br \/>Per a m\u00e9s informaci\u00f3 sobre Firefox premi\u00a0<a href=\"https:\/\/support.mozilla.org\/es\/kb\/habilitar-y-deshabilitar-cookies-sitios-web-rastrear-preferencias?redirectlocale=es&amp;redirectslug=habilitar-y-deshabilitar-cookies-que-los-sitios-we\" target=\"_blank\" rel=\"noreferrer noopener\">aqu\u00ed<\/a>.<br \/>Per a m\u00e9s informaci\u00f3 sobre Internet Explorer premi\u00a0<a href=\"https:\/\/support.microsoft.com\/es-es\/help\/17442\/windows-internet-explorer-delete-manage-cookies\" target=\"_blank\" rel=\"noreferrer noopener\">aqu\u00ed<\/a>.<a href=\"https:\/\/support.microsoft.com\/es-es\/help\/17442\/windows-internet-explorer-delete-manage-cookies\" target=\"_blank\" rel=\"noopener\"><br \/><\/a>Per a m\u00e9s informaci\u00f3 sobre Opera premi\u00a0<a href=\"http:\/\/help.opera.com\/Windows\/11.50\/es-ES\/cookies.html\" target=\"_blank\" rel=\"noreferrer noopener\">aqu\u00ed<\/a>.<br \/>Per a m\u00e9s informaci\u00f3 sobre Safari premi\u00a0<a href=\"https:\/\/support.apple.com\/kb\/PH17191?locale=es_ES&amp;viewlocale=es_ES\" target=\"_blank\" rel=\"noreferrer noopener\">aqu\u00ed<\/a>.<br \/>En el cas de les galetes activades per l&#039;eina\u00a0<a href=\"https:\/\/www.google.es\/intl\/es\/analytics\/\" target=\"_blank\" rel=\"noreferrer noopener\">Google Analytics<\/a>\u00a0us facilitem la informaci\u00f3 d&#039;aquestes cookies de la pr\u00f2pia web del programador:<\/p>\n\n<figure class=\"wp-block-embed\">\n<div class=\"wp-block-embed__wrapper\">https:\/\/www.google.es\/intl\/es\/policies\/technologies\/types<\/div>\n<\/figure>\n\n<h3 id=\"seis\" class=\"wp-block-heading\">6. Sobre els enlla\u00e7os a altres webs<\/h3>\n\n<p>En el cas de les galetes de xarxes socials externes que s&#039;utilitzen perqu\u00e8 els visitants puguin interactuar amb el contingut de diferents plataformes socials i que es generen \u00fanicament per als usuaris de les xarxes socials esmentades, les condicions d&#039;utilitzaci\u00f3 d&#039;aquestes galetes i la informaci\u00f3 recopilada es regulen per la pol\u00edtica de privadesa de la plataforma social corresponent.<\/p>\n\t\t\t\t\t\t\t\t<\/div>\n\t\t\t\t<\/div>\n\t\t\t\t\t<\/div>\n\t\t\t\t<\/div>\n\t\t\t\t<\/div>","protected":false},"excerpt":{"rendered":"<p>La mera visita de nuestra web no supone que nos est\u00e9s facilitando dato personal alguno ni est\u00e1s obligado a ello.Sin embargo, hemos de informarte que, para poder funcionar correctamente y ofrecerte un mejor servicio\u00a0TOGA2\u00a0ABOGADOS, SRLP, en adelante\u00a0ATRIA ABOGADOS, hace uso o activa diferentes cookies. 1. \u00bfQu\u00e9 es una cookie?2. \u00bfQu\u00e9 tipos de cookies existen?3. \u00bfQu\u00e9 [&hellip;]<\/p>\n","protected":false},"author":2,"featured_media":0,"parent":0,"menu_order":0,"comment_status":"closed","ping_status":"closed","template":"elementor_header_footer","meta":{"site-sidebar-layout":"default","site-content-layout":"","ast-site-content-layout":"default","site-content-style":"default","site-sidebar-style":"default","ast-global-header-display":"","ast-banner-title-visibility":"","ast-main-header-display":"","ast-hfb-above-header-display":"","ast-hfb-below-header-display":"","ast-hfb-mobile-header-display":"","site-post-title":"","ast-breadcrumbs-content":"","ast-featured-img":"","footer-sml-layout":"","ast-disable-related-posts":"","theme-transparent-header-meta":"","adv-header-id-meta":"","stick-header-meta":"","header-above-stick-meta":"","header-main-stick-meta":"","header-below-stick-meta":"","astra-migrate-meta-layouts":"set","ast-page-background-enabled":"default","ast-page-background-meta":{"desktop":{"background-color":"","background-image":"","background-repeat":"repeat","background-position":"center center","background-size":"auto","background-attachment":"scroll","background-type":"","background-media":"","overlay-type":"","overlay-color":"","overlay-opacity":"","overlay-gradient":""},"tablet":{"background-color":"","background-image":"","background-repeat":"repeat","background-position":"center center","background-size":"auto","background-attachment":"scroll","background-type":"","background-media":"","overlay-type":"","overlay-color":"","overlay-opacity":"","overlay-gradient":""},"mobile":{"background-color":"","background-image":"","background-repeat":"repeat","background-position":"center center","background-size":"auto","background-attachment":"scroll","background-type":"","background-media":"","overlay-type":"","overlay-color":"","overlay-opacity":"","overlay-gradient":""}},"ast-content-background-meta":{"desktop":{"background-color":"var(--ast-global-color-5)","background-image":"","background-repeat":"repeat","background-position":"center center","background-size":"auto","background-attachment":"scroll","background-type":"","background-media":"","overlay-type":"","overlay-color":"","overlay-opacity":"","overlay-gradient":""},"tablet":{"background-color":"var(--ast-global-color-5)","background-image":"","background-repeat":"repeat","background-position":"center center","background-size":"auto","background-attachment":"scroll","background-type":"","background-media":"","overlay-type":"","overlay-color":"","overlay-opacity":"","overlay-gradient":""},"mobile":{"background-color":"var(--ast-global-color-5)","background-image":"","background-repeat":"repeat","background-position":"center center","background-size":"auto","background-attachment":"scroll","background-type":"","background-media":"","overlay-type":"","overlay-color":"","overlay-opacity":"","overlay-gradient":""}},"_joinchat":[],"footnotes":""},"class_list":["post-975","page","type-page","status-publish","hentry"],"_links":{"self":[{"href":"https:\/\/atriabogados.com\/val\/wp-json\/wp\/v2\/pages\/975","targetHints":{"allow":["GET"]}}],"collection":[{"href":"https:\/\/atriabogados.com\/val\/wp-json\/wp\/v2\/pages"}],"about":[{"href":"https:\/\/atriabogados.com\/val\/wp-json\/wp\/v2\/types\/page"}],"author":[{"embeddable":true,"href":"https:\/\/atriabogados.com\/val\/wp-json\/wp\/v2\/users\/2"}],"replies":[{"embeddable":true,"href":"https:\/\/atriabogados.com\/val\/wp-json\/wp\/v2\/comments?post=975"}],"version-history":[{"count":14,"href":"https:\/\/atriabogados.com\/val\/wp-json\/wp\/v2\/pages\/975\/revisions"}],"predecessor-version":[{"id":1603,"href":"https:\/\/atriabogados.com\/val\/wp-json\/wp\/v2\/pages\/975\/revisions\/1603"}],"wp:attachment":[{"href":"https:\/\/atriabogados.com\/val\/wp-json\/wp\/v2\/media?parent=975"}],"curies":[{"name":"wp","href":"https:\/\/api.w.org\/{rel}","templated":true}]}}