{"id":973,"date":"2025-04-29T06:54:31","date_gmt":"2025-04-29T04:54:31","guid":{"rendered":"https:\/\/atriabogados.com\/?page_id=973"},"modified":"2025-06-27T09:58:16","modified_gmt":"2025-06-27T07:58:16","slug":"politica-de-privacidad","status":"publish","type":"page","link":"https:\/\/atriabogados.com\/val\/politica-de-privacidad\/","title":{"rendered":"Pol\u00edtica de Privadesa"},"content":{"rendered":"<p>A&nbsp;<strong>TOGA2 ADVOCATS, SRLP<\/strong>&nbsp;estem compromesos en la garantia dels drets de protecci\u00f3 de dades personals dels nostres clients, col\u00b7laboradors, contactes i candidats, per aix\u00f2 publiquem aquesta informaci\u00f3, per tal d&#039;informar degudament:<\/p>\n\n\n\n<ul class=\"wp-block-list\">\n<li>Dels seus drets i \u00fas d&#039;aquesta web ABANS de facilitar les dades.<\/li>\n\n\n\n<li>De les mesures que garanteixen la salvaguarda i la integritat de les dades.<\/li>\n\n\n\n<li>Perqu\u00e8 el consentiment previ a l&#039;enviament de dades per part seva pugui estar degudament fonamentat.<\/li>\n<\/ul>\n\n\n\n<p>Tot aix\u00f2 complint amb totes les obligacions legalment disposades a la&nbsp;<a href=\"https:\/\/www.boe.es\/buscar\/doc.php?id=BOE-A-2018-16673\" target=\"_blank\" rel=\"noopener\">Llei org\u00e0nica 3\/2018, de 5 de desembre, de protecci\u00f3 de dades personals i garantia dels drets digitals<\/a>&nbsp;i al&nbsp;<a href=\"https:\/\/www.boe.es\/doue\/2016\/119\/L00001-00088.pdf\" target=\"_blank\" rel=\"noopener\">Reglament Europeu de Protecci\u00f3 de Dades&nbsp;<\/a>(RGPD), aix\u00ed com tota la normativa&nbsp;<a href=\"https:\/\/www.boe.es\/legislacion\/codigos\/codigo.php?id=55&amp;modo=1%C2%ACa=0&amp;tab=2\" target=\"_blank\" rel=\"noopener\">espanyola<\/a>&nbsp;i&nbsp;<a href=\"http:\/\/www.consilium.europa.eu\/es\/policies\/data-protection-reform\/\" target=\"_blank\" rel=\"noopener\">europea<\/a>&nbsp;aplicable a aquesta mat\u00e8ria. Per aix\u00f2, qualsevol usuari que vulgui informaci\u00f3 ha de marcar obligat\u00f2riament l&#039;opci\u00f3 d&#039;haver llegit i acceptat la pol\u00edtica de privadesa del lloc web, l&#039;av\u00eds legal i la pol\u00edtica de cookies.<\/p>\n\n\n\n<h3 class=\"wp-block-heading\" id=\"uno\">\u00a01. Qui \u00e9s el responsable del tractament de les teves dades?<\/h3>\n\n\n\n<figure class=\"wp-block-table\"><table class=\"has-fixed-layout\"><tbody><tr><td>Identitat<\/td><td><strong>TOGA2 ADVOCATS, SRLP<\/strong><\/td><\/tr><tr><td>Adre\u00e7a postal<\/td><td>Carrer Honorat Juan 16, Porta 11<br>46007, Val\u00e8ncia<\/td><\/tr><tr><td>Tel\u00e8fon<\/td><td>(+34) 644 401 220<\/td><\/tr><tr><td>Correu electr\u00f2nic<\/td><td><a href=\"mailto:info@atriabogados.com\">info@atriabogados.com<\/a><\/td><\/tr><\/tbody><\/table><\/figure>\n\n\n\n<h3 class=\"wp-block-heading\" id=\"dos\">2. Quina \u00e9s la finalitat del tractament de les teves dades?<\/h3>\n\n\n\n<p>La nostra p\u00e0gina web cont\u00e9 formularis a trav\u00e9s dels quals es poden demanar dades de car\u00e0cter personal. La finalitat amb qu\u00e8 es duu a terme el tractament \u00e9s la seg\u00fcent:<\/p>\n\n\n\n<ul class=\"wp-block-list\">\n<li>Respondre una petici\u00f3 d&#039;informaci\u00f3 duta a terme a trav\u00e9s de l&#039;apartat CONTACTE.<\/li>\n\n\n\n<li>Concertar una CONSULTA.<\/li>\n\n\n\n<li>Mantenir un hist\u00f2ric.<\/li>\n<\/ul>\n\n\n\n<h3 class=\"wp-block-heading\" id=\"tres\">3. Per quant de temps conservarem les teves dades?<\/h3>\n\n\n\n<p>Les dades personals recollides a trav\u00e9s dels formularis de la web es conservaran durant el temps necessari per atendre la petici\u00f3 d&#039;informaci\u00f3 i\/o consulta. Un cop atesa, excepte en els casos en qu\u00e8 les dades s&#039;hagin de conservar per mantenir la relaci\u00f3 professional o laboral amb el despatx, seran cancel\u00b7lades. Nom\u00e9s es conservaran per m\u00e9s temps les dades que permetin mantenir un hist\u00f2ric, a efectes de seguiment i una millor atenci\u00f3 posterior.<\/p>\n\n\n\n<h3 class=\"wp-block-heading\" id=\"cuatro\">4. Quina \u00e9s la legitimaci\u00f3 per al tractament de les teves dades?<\/h3>\n\n\n\n<p>Legalment podem tractar les dades que et sol\u00b7licitem en haver-nos proporcionat el teu consentiment per poder-ho fer. Aix\u00f2 \u00e9s aix\u00ed perqu\u00e8 heu manifestat expressament el vostre consentiment mitjan\u00e7ant l&#039;activaci\u00f3 de la casella he llegit i accepto.<\/p>\n\n\n\n<h3 class=\"wp-block-heading\" id=\"cinco\">5. Es comuniquen les teves dades a altres destinataris?<\/h3>\n\n\n\n<p>Les dades que introdu\u00efu a la web no seran comunicades a altres entitats, excepte per imperatiu legal o per poder donar compliment a l&#039;objecte per al qual van ser facilitades. Les teves dades es recullen a trav\u00e9s dels formularis inserits a la nostra web que est\u00e0 allotjada als servidors de l&#039;empresa STRATO AG situada a Alemanya.<\/p>\n\n\n\n<p>Pots consultar la seva pol\u00edtica de privadesa a:<a href=\"https:\/\/www.strato.es\/proteccion-de-datos\/\" target=\"_blank\" rel=\"noopener\">&nbsp;https:\/\/www.strato.es\/proteccion-de-datos\/<\/a><\/p>\n\n\n\n<p>Les dades tamb\u00e9 podran ser tractades per l&#039;empresa que administra i gestiona el manteniment web: Patricia Clemente, amb NIF 35593683X i domicili a Espanya.<\/p>\n\n\n\n<h3 class=\"wp-block-heading\" id=\"seis\">6. Quins drets tens en facilitar-nos les teves dades?<\/h3>\n\n\n\n<p>S\u00f3n els seg\u00fcents:<\/p>\n\n\n\n<figure class=\"wp-block-table\"><table class=\"has-fixed-layout\"><tbody><tr><td>Dret d&#039;informaci\u00f3<\/td><td>Tens dret a ser informat de forma clara ABANS que les teves dades siguin recollides sobre quines dades teves estan sent tractades, amb quina finalitat es tracten, on han aconseguit les dades i si les comunicaran o les han comunicat a alg\u00fa.<\/td><\/tr><tr><td>Dret d&#039;acc\u00e9s<\/td><td>Per con\u00e8ixer quines dades teves estan sent tractades, amb quina finalitat es tracten, on han aconseguit les dades i si les comunicaran o les han comunicat a alg\u00fa.<\/td><\/tr><tr><td>Dret de rectificaci\u00f3<\/td><td>Per modificar aquelles dades teves inexactes o incompletes.<\/td><\/tr><tr><td>Dret de cancel\u00b7laci\u00f3<\/td><td>Per cancel\u00b7lar les teves dades inadequades o excessives.<\/td><\/tr><tr><td>Dret d&#039;oposici\u00f3<\/td><td>Per evitar que es tractin les teves dades o que es deixin de tractar encara que nom\u00e9s en els sup\u00f2sits que estableix la llei.<\/td><\/tr><tr><td>Dret de limitaci\u00f3 del tractament<\/td><td>Per sol\u00b7licitar que se suspengui el tractament de dades en els sup\u00f2sits que estableix la llei.<\/td><\/tr><tr><td>Dret a la portabilitat de les dades<\/td><td>Per poder rebre les teves dades facilitades en un format electr\u00f2nic estructurat i d\u00fas habitual i poder transmetre-les a un altre responsable.<\/td><\/tr><tr><td>Dret a no ser objecte de decisions individualitzades<\/td><td>Per tal que no es prengui una decisi\u00f3 sobre tu que produeixi efectes jur\u00eddics o t&#039;afecti basada nom\u00e9s en el tractament de les dades.<\/td><\/tr><\/tbody><\/table><\/figure>\n\n\n\n<h3 class=\"wp-block-heading\" id=\"siete\">7. Com pots exercitar els teus drets?<\/h3>\n\n\n\n<p>Per exercir qualsevol dels teus drets haur\u00e0s de sol\u00b7licitar-ho a l&#039;email&nbsp;<a href=\"mailto:info@atriabogados.com\">info@atriabogados.com<\/a>&nbsp;incloent:<\/p>\n\n\n\n<ol class=\"wp-block-list\">\n<li>Fotoc\u00f2pia del DNI (passaport o altre document d&#039;identitat) o signatura electr\u00f2nica.<\/li>\n\n\n\n<li>Contingut de la petici\u00f3 que fas i, si cal, els documents que l&#039;acrediten.<\/li>\n\n\n\n<li>Adre\u00e7a (a efectes de notificacions), data i signatura.<\/li>\n<\/ol>\n\n\n\n<p>Si exercites els teus drets per un representant voluntari expressament designat, haur\u00e0s d&#039;aportar el document o l&#039;instrument electr\u00f2nic que acrediti la representaci\u00f3.<\/p>\n\n\n\n<p>En cas que el titular de les dades fos menor d&#039;edat o incapacitat, s&#039;exercitar\u00e0 els drets pel seu representant legal degudament acreditat.<\/p>\n\n\n\n<h3 class=\"wp-block-heading\" id=\"ocho\">8. Qu\u00e8 pots fer si els teus drets no han estat atesos?<\/h3>\n\n\n\n<p>En cas que consideris que no hem satisfet la teva petici\u00f3, pots presentar una reclamaci\u00f3 a l&#039;Ag\u00e8ncia Espanyola de Protecci\u00f3 de Dades a l&#039;apartat del web:&nbsp;<a href=\"https:\/\/sedeagpd.gob.es\/sede-electronica-web\/vistas\/formReclamacionDerechos\/reclamacionDerechos.jsf\" target=\"_blank\" rel=\"noopener\">https:\/\/sedeagpd.gob.es\/sede-electronica-web\/vistas\/formReclamacionDerechos\/reclamacionDerechos.jsf<\/a><\/p>\n\n\n\n<h3 class=\"wp-block-heading\" id=\"nueve\">9. Enlla\u00e7os a altres webs<\/h3>\n\n\n\n<p>Aquesta pol\u00edtica de privadesa nom\u00e9s s&#039;aplica a les dades personals demanades a trav\u00e9s de la nostra web, per\u00f2 aquesta web pot contenir enlla\u00e7os a altres p\u00e0gines web de manera que&nbsp;<strong>TOGA2 ADVOCATS, SRLP<\/strong>&nbsp;no \u00e9s responsable de les pr\u00e0ctiques de privadesa dels titulars d&#039;aquestes webs.<\/p>\n\n\n\n<figure class=\"wp-block-table\"><table class=\"has-fixed-layout\"><tbody><tr><td>Si voleu m\u00e9s informaci\u00f3, l&#039;Ag\u00e8ncia Espanyola de Protecci\u00f3 de Dades ha editat una guia del ciutad\u00e0, podeu accedir a:&nbsp;<a href=\"http:\/\/www.agpd.es\/portalwebAGPD\/canaldocumentacion\/publicaciones\/common\/Guias\/GUIA_CIUDADANO.pdf\" target=\"_blank\" rel=\"noopener\">http:\/\/www.agpd.es\/portalwebAGPD\/canaldocumentacion\/publicaciones\/common\/Guias\/GUIA_CIUDADANO.pdf<\/a><\/td><\/tr><\/tbody><\/table><\/figure>","protected":false},"excerpt":{"rendered":"<p>En&nbsp;TOGA2 ABOGADOS, SRLP&nbsp;estamos comprometidos en la garant\u00eda de los derechos de protecci\u00f3n de datos personales de nuestros clientes, colaboradores, contactos y candidatos, por ello publicamos esta informaci\u00f3n, con el fin de informar debidamente: Todo ello cumpliendo con todas las obligaciones legalmente dispuestas en la&nbsp;Ley Org\u00e1nica 3\/2018, de 5 de diciembre, de Protecci\u00f3n de Datos Personales [&hellip;]<\/p>\n","protected":false},"author":2,"featured_media":0,"parent":0,"menu_order":0,"comment_status":"closed","ping_status":"closed","template":"","meta":{"site-sidebar-layout":"default","site-content-layout":"","ast-site-content-layout":"default","site-content-style":"default","site-sidebar-style":"default","ast-global-header-display":"","ast-banner-title-visibility":"","ast-main-header-display":"","ast-hfb-above-header-display":"","ast-hfb-below-header-display":"","ast-hfb-mobile-header-display":"","site-post-title":"","ast-breadcrumbs-content":"","ast-featured-img":"","footer-sml-layout":"","ast-disable-related-posts":"","theme-transparent-header-meta":"","adv-header-id-meta":"","stick-header-meta":"","header-above-stick-meta":"","header-main-stick-meta":"","header-below-stick-meta":"","astra-migrate-meta-layouts":"set","ast-page-background-enabled":"default","ast-page-background-meta":{"desktop":{"background-color":"","background-image":"","background-repeat":"repeat","background-position":"center center","background-size":"auto","background-attachment":"scroll","background-type":"","background-media":"","overlay-type":"","overlay-color":"","overlay-opacity":"","overlay-gradient":""},"tablet":{"background-color":"","background-image":"","background-repeat":"repeat","background-position":"center center","background-size":"auto","background-attachment":"scroll","background-type":"","background-media":"","overlay-type":"","overlay-color":"","overlay-opacity":"","overlay-gradient":""},"mobile":{"background-color":"","background-image":"","background-repeat":"repeat","background-position":"center center","background-size":"auto","background-attachment":"scroll","background-type":"","background-media":"","overlay-type":"","overlay-color":"","overlay-opacity":"","overlay-gradient":""}},"ast-content-background-meta":{"desktop":{"background-color":"var(--ast-global-color-5)","background-image":"","background-repeat":"repeat","background-position":"center center","background-size":"auto","background-attachment":"scroll","background-type":"","background-media":"","overlay-type":"","overlay-color":"","overlay-opacity":"","overlay-gradient":""},"tablet":{"background-color":"var(--ast-global-color-5)","background-image":"","background-repeat":"repeat","background-position":"center center","background-size":"auto","background-attachment":"scroll","background-type":"","background-media":"","overlay-type":"","overlay-color":"","overlay-opacity":"","overlay-gradient":""},"mobile":{"background-color":"var(--ast-global-color-5)","background-image":"","background-repeat":"repeat","background-position":"center center","background-size":"auto","background-attachment":"scroll","background-type":"","background-media":"","overlay-type":"","overlay-color":"","overlay-opacity":"","overlay-gradient":""}},"_joinchat":[],"footnotes":""},"class_list":["post-973","page","type-page","status-publish","hentry"],"_links":{"self":[{"href":"https:\/\/atriabogados.com\/val\/wp-json\/wp\/v2\/pages\/973","targetHints":{"allow":["GET"]}}],"collection":[{"href":"https:\/\/atriabogados.com\/val\/wp-json\/wp\/v2\/pages"}],"about":[{"href":"https:\/\/atriabogados.com\/val\/wp-json\/wp\/v2\/types\/page"}],"author":[{"embeddable":true,"href":"https:\/\/atriabogados.com\/val\/wp-json\/wp\/v2\/users\/2"}],"replies":[{"embeddable":true,"href":"https:\/\/atriabogados.com\/val\/wp-json\/wp\/v2\/comments?post=973"}],"version-history":[{"count":3,"href":"https:\/\/atriabogados.com\/val\/wp-json\/wp\/v2\/pages\/973\/revisions"}],"predecessor-version":[{"id":1234,"href":"https:\/\/atriabogados.com\/val\/wp-json\/wp\/v2\/pages\/973\/revisions\/1234"}],"wp:attachment":[{"href":"https:\/\/atriabogados.com\/val\/wp-json\/wp\/v2\/media?parent=973"}],"curies":[{"name":"wp","href":"https:\/\/api.w.org\/{rel}","templated":true}]}}